{"id":7,"date":"2015-01-22T08:43:46","date_gmt":"2015-01-22T08:43:46","guid":{"rendered":"http:\/\/rottenmann-online.at\/?page_id=7"},"modified":"2025-02-20T14:34:11","modified_gmt":"2025-02-20T13:34:11","slug":"unser-team","status":"publish","type":"page","link":"http:\/\/www.rottenmann-online.at\/?page_id=7","title":{"rendered":"Unser Team f\u00fcr die Gemeinderatswahl am 23. M\u00e4rz 2025"},"content":{"rendered":"<h3>WiR f\u00fcr Rottenmann<\/h3>\n<p><strong>&#8230;ist eine parteiunabh\u00e4ngige Liste, die sich f\u00fcr ein harmonisches Miteinander und f\u00fcr gute, zukunftsweisende Ideen in der Gemeinde\u00a0Rottenmann einsetzt. <\/strong><\/p>\n<p>&nbsp;<\/p>\n<table border=\"0\" width=\"100%\">\n<tbody>\n<tr>\n<th scope=\"col\"><span style=\"font-weight: 400;\">Reihenfolge<\/span><\/th>\n<th scope=\"col\"><span style=\"font-weight: 400;\">\u00a0Vorname und Nachname<\/span><\/th>\n<th scope=\"col\"><span style=\"font-weight: 400;\">\u00a0Adresse<\/span><\/th>\n<th scope=\"col\"><span style=\"font-weight: 400;\">Beruf<\/span><\/th>\n<\/tr>\n<tr>\n<td>\u00a0#1<\/td>\n<td>\u00a0Helmut Schaupensteiner, 67<\/td>\n<td>\u00a0St. Georgen<\/td>\n<td>\u00a0Veranstalter<\/td>\n<\/tr>\n<tr>\n<td>\u00a0#2<\/td>\n<td>\u00a0Thomas Steibl, 53<\/td>\n<td>\u00a0Boder<\/td>\n<td>\u00a0Verkaufsleiter<\/td>\n<\/tr>\n<tr>\n<td>\u00a0#3<\/td>\n<td>\u00a0Nina Pichler, 23<\/td>\n<td>\u00a0Boder<\/td>\n<td>\u00a0KFZ-Disponentin<\/td>\n<\/tr>\n<tr>\n<td>\u00a0#4<\/td>\n<td>\u00a0Patrick Gro\u00df, 27<\/td>\n<td>\u00a0Stadtwaldsiedlung<\/td>\n<td>\u00a0Gebietsleiter Vertrieb<\/td>\n<\/tr>\n<tr>\n<td>\u00a0#5<\/td>\n<td>\u00a0Thomas Futterleib, 52<\/td>\n<td>\u00a0St. Georgen<\/td>\n<td>\u00a0GWZ-Installateur<\/td>\n<\/tr>\n<tr>\n<td>\u00a0#6<\/td>\n<td>\u00a0Alfred Mandl, 51<\/td>\n<td>\u00a0Burgtorsiedlung<\/td>\n<td>\u00a0Event-Techniker<\/td>\n<\/tr>\n<tr>\n<td>\u00a0#7<\/td>\n<td>\u00a0Gerold Ladner, 58<\/td>\n<td>\u00a0Hauptstra\u00dfe<\/td>\n<td>\u00a0Kaufmann<\/td>\n<\/tr>\n<tr>\n<td>\u00a0#8<\/td>\n<td>\u00a0Andrea Kinsky, 62<\/td>\n<td>\u00a0Rathausgasse<\/td>\n<td>\u00a0Unternehmerin i.R.<\/td>\n<\/tr>\n<tr>\n<td>\u00a0#9<\/td>\n<td>\u00a0Manfred Auer, 67<\/td>\n<td>\u00a0Bruckm\u00fchl<\/td>\n<td>\u00a0Pensionist<\/td>\n<\/tr>\n<tr>\n<td>\u00a0#10<\/td>\n<td>\u00a0Alexander Schwarz, Dr., 53<\/td>\n<td>\u00a0B\u00fcschendorf<\/td>\n<td>\u00a0Prakt. Arzt<\/td>\n<\/tr>\n<tr>\n<td>\u00a0#11<\/td>\n<td>\u00a0Rebecca Dietmaier, 41<\/td>\n<td>\u00a0Boder<\/td>\n<td>\u00a0Sozialp\u00e4dagogin<\/td>\n<\/tr>\n<tr>\n<td>\u00a0#12<\/td>\n<td>\u00a0Peter Lippusch, Ing., 44<\/td>\n<td>\u00a0Boder<\/td>\n<td>\u00a0Bauingenieur<\/td>\n<\/tr>\n<tr>\n<td>\u00a0#13<\/td>\n<td>\u00a0Florian Hellinger, 39<\/td>\n<td>\u00a0Strechau<\/td>\n<td>\u00a0Produktionsplaner<\/td>\n<\/tr>\n<tr>\n<td>\u00a0#14<\/td>\n<td>\u00a0Janine Gro\u00df, 31<\/td>\n<td>\u00a0Stadtwaldsiedlung<\/td>\n<td>\u00a0Kfm. Angestellte<\/td>\n<\/tr>\n<tr>\n<td>\u00a0#15<\/td>\n<td>\u00a0Karl M\u00fcller, 68<\/td>\n<td>\u00a0Hauptstra\u00dfe<\/td>\n<td>\u00a0Spenglermeister<\/td>\n<\/tr>\n<tr>\n<td>\u00a0#16<\/td>\n<td>\u00a0Alexander Marcher, 29<\/td>\n<td>\u00a0Hauptstra\u00dfe<\/td>\n<td>\u00a0Gesch\u00e4ftsf\u00fchrer<\/td>\n<\/tr>\n<tr>\n<td>\u00a0#17<\/td>\n<td>\u00a0Veronika Ladner, Mag., 55<\/td>\n<td>\u00a0Hauptstra\u00dfe<\/td>\n<td>\u00a0Apothekerin<\/td>\n<\/tr>\n<tr>\n<td>\u00a0#18<\/td>\n<td>\u00a0Herbert Zraunig, DI (FH), 52<\/td>\n<td>\u00a0Klamm<\/td>\n<td>\u00a0Gesch\u00e4ftsf\u00fchrer<\/td>\n<\/tr>\n<tr>\n<td>\u00a0#19<\/td>\n<td>\u00a0Thomas Ploder, Ing., 50<\/td>\n<td>\u00a0Kirchengasse<\/td>\n<td>\u00a0Milit\u00e4rpilot<\/td>\n<\/tr>\n<tr>\n<td>\u00a0#20<\/td>\n<td>\u00a0Klaus H\u00fcttenbrenner, Mag., 51<\/td>\n<td>\u00a0St. Georgen<\/td>\n<td>\u00a0Luftfahrtechniker<\/td>\n<\/tr>\n<\/tbody>\n<\/table>\n","protected":false},"excerpt":{"rendered":"<p>WiR f\u00fcr Rottenmann &#8230;ist eine parteiunabh\u00e4ngige Liste, die sich f\u00fcr ein harmonisches Miteinander und f\u00fcr gute, zukunftsweisende Ideen in der Gemeinde\u00a0Rottenmann einsetzt. &nbsp; Reihenfolge \u00a0Vorname und Nachname \u00a0Adresse Beruf \u00a0#1&nbsp;&#8230;<\/p>\n","protected":false},"author":1,"featured_media":0,"parent":0,"menu_order":0,"comment_status":"closed","ping_status":"closed","template":"","meta":[],"_links":{"self":[{"href":"http:\/\/www.rottenmann-online.at\/index.php?rest_route=\/wp\/v2\/pages\/7"}],"collection":[{"href":"http:\/\/www.rottenmann-online.at\/index.php?rest_route=\/wp\/v2\/pages"}],"about":[{"href":"http:\/\/www.rottenmann-online.at\/index.php?rest_route=\/wp\/v2\/types\/page"}],"author":[{"embeddable":true,"href":"http:\/\/www.rottenmann-online.at\/index.php?rest_route=\/wp\/v2\/users\/1"}],"replies":[{"embeddable":true,"href":"http:\/\/www.rottenmann-online.at\/index.php?rest_route=%2Fwp%2Fv2%2Fcomments&post=7"}],"version-history":[{"count":38,"href":"http:\/\/www.rottenmann-online.at\/index.php?rest_route=\/wp\/v2\/pages\/7\/revisions"}],"predecessor-version":[{"id":963,"href":"http:\/\/www.rottenmann-online.at\/index.php?rest_route=\/wp\/v2\/pages\/7\/revisions\/963"}],"wp:attachment":[{"href":"http:\/\/www.rottenmann-online.at\/index.php?rest_route=%2Fwp%2Fv2%2Fmedia&parent=7"}],"curies":[{"name":"wp","href":"https:\/\/api.w.org\/{rel}","templated":true}]}}